{"id":362,"date":"2016-01-15T18:31:44","date_gmt":"2016-01-15T16:31:44","guid":{"rendered":"http:\/\/hilpakan.com\/?page_id=362"},"modified":"2025-04-10T11:05:53","modified_gmt":"2025-04-10T08:05:53","slug":"test-pentueet","status":"publish","type":"page","link":"https:\/\/hilpakan.com\/?page_id=362","title":{"rendered":"Pentueet"},"content":{"rendered":"<h1>W-pentue (Biewerterrieri)<\/h1>\n<p>syntynyt 16.1.2025<\/p>\n<p>i. FI&amp;EE CH Tarzan Golden Dream Helena<br \/>\ne. FI CH FI JUN-CH Hilpakan Sininen Uni<\/p>\n<h3>u. Hilpakan Waltava Woitto &#8221;Beni&#8221;<\/h3>\n<h3>u. Hilpakan Winti\u00f6 &#8221;Unto&#8221;<\/h3>\n<h3>n. Hilpakan Wautsi Wau &#8221;Windy&#8221;<\/h3>\n<h3>n. Hilpakan Williviini &#8221;Sissi&#8221;<\/h3>\n<h1>V-pentue (Biewerterrieri)<\/h1>\n<p>syntynyt 25.9.2024<\/p>\n<p>i. Train Of Happiness Kurazch Born To Win<br \/>\ne. FI&amp;EE&amp;LT CH Grace Biewer Forever<\/p>\n<h3>u. Hilpakan Vauhti Kiihtyy &#8221;Velmu&#8221;<\/h3>\n<h3>u. Hilpakan Villiel\u00e4in &#8221;Nappi&#8221;<\/h3>\n<h3>n. Hilpakan Vain Rakkaus &#8221;Lilja&#8221;<\/h3>\n<h3>n. Hilpakan Vinksin Vonksin &#8221;Le&#8217;Lola&#8221;<\/h3>\n<h1>U-pentue (Biewerterrieri)<\/h1>\n<p>syntynyt 26.4.2023<\/p>\n<p>i. Favorit Minion&#8217;s Romashkinoy Luzhayki<br \/>\ne. FI&amp;EE&amp;LT MVA Ada Lovely Beautiful Biewer<\/p>\n<h3>u. Hilpakan Unelmista Totta &#8221;Pablo&#8221;<\/h3>\n<h3>n. Hilpakan Unelma Onnesta &#8221;Pulmu&#8221;<\/h3>\n<h1>T-pentue (Kiinanharjakoira)<\/h1>\n<p>syntynyt 17.2.2023<\/p>\n<p>i. LT&amp;BY MVA EE&amp;LV&amp;LT JMVA BALT JMVA BALTJV-16 BYV-17 Mano Ponis Jupiteris<br \/>\ne. FI MVA Hilpakan Pahempi Toistaan<\/p>\n<h3>n. Tilipitappi Tippitappi &#8221;Hippu&#8221;<\/h3>\n<h3>n. Tinttantanttan Tallallei &#8221;Jade&#8221;<\/h3>\n<h3>n. Tipetipe Tip Tap &#8221;Sylvi&#8221;<\/h3>\n<h3>n. Tiutau Tiutau Tilitalitittan &#8221;Ilo&#8221;<\/h3>\n<h1>S-pentue (Biewerterrieri)<\/h1>\n<p>syntynyt 26.7.2022<\/p>\n<p>i. V-19 JV-19 Haus Black Bist Dzhin Dzhin<br \/>\ne. FI&amp;EE&amp;LT CH Grace Biewer Forever<\/p>\n<h3>u. Hilpakan Salarakas &#8221;Beau&#8221;<\/h3>\n<h3>u. Hilpakan Sata Salamaa &#8221;Hamilton&#8221;<\/h3>\n<h3>n. Hilpakan Satasen Laina &#8221;Katla&#8221;<\/h3>\n<h3>n. Hilpakan Sininen Uni &#8221;Martta&#8221;<\/h3>\n<h3>n. Hilpakan Suudellaan &#8221;Dara&#8221;<\/h3>\n<h1>R-pentue (Kiinanharjakoira)<\/h1>\n<p>syntynyt 9.7.2022<\/p>\n<p>i. C.I.B. FI&amp;EE&amp;LV MVA EE&amp;LV JMVA TLNJW-20 Joyway&#8217;s Follow The Sun<br \/>\ne. Hilpakan Pieni Lemmenleikki<\/p>\n<h3>u. Hilpakan Rakkauden Ammattilainen &#8221;Taavi&#8221;<\/h3>\n<h3>u. Hilpakan Rantaleijona &#8221;Harri&#8221;<\/h3>\n<h3>n. Hilpakan Rakkauden Huuma &#8221;Susu&#8221;<\/h3>\n<h3>n. Hilpakan Rakkauslaulu &#8221;Lahja&#8221;<\/h3>\n<h1>Q-pentue (Biewerterrieri)<\/h1>\n<p>syntynyt 16.8.2021<\/p>\n<p>i. FI&amp;LT&amp;BA&amp;ME MVA BA GR MVA SK&amp;LT JMVA HEJW-19 PMV-19 PMJV-19 SIJV-20 Bon Hiladel Fury Pet Pursuit<br \/>\ne. FI&amp;EE&amp;LT CH Grace Biewer Forever<\/p>\n<h3>n. Hilpakan Qullanmuru &#8221;Lila&#8221;<\/h3>\n<h3>n. Hilpakan Qultahippu &#8221;Aili&#8221;<\/h3>\n<h3>n. Hilpakan Qultakutri &#8221;Hertta&#8221;<\/h3>\n<h1>P-pentue (Kiinanharjakoira)<\/h1>\n<p>syntynyt 2.5.2020<\/p>\n<p>i. FI&amp;GR&amp;EE&amp;LV&amp;LT MVA BALT MVA BY&amp;BG&amp;LT&amp;LV&amp;EE JMVA BALT JMVA BG GR JMVA EE JV-18 We Can&#8217;t Stop Princes De La Roses<br \/>\ne. FI&amp;EE&amp;LV&amp;LT MVA BALT MVA EE JMVA Chattanooga&#8217;s Taas T\u00e4ss\u00e4 K\u00e4vi N\u00e4in<\/p>\n<h3>u. Hilpakan Peto On Irti &#8221;Davi&#8221;<\/h3>\n<h3>u. Hilpakan Pitk\u00e4 Kuuma Kes\u00e4 &#8221;Taavi&#8221;<\/h3>\n<h3>u. Hilpakan Pummilla Tallinnaan &#8221;Rambo&#8221;<\/h3>\n<h3>n. Hilpakan Pahempi Toistaan &#8221;Aune&#8221;<\/h3>\n<h3>n. Hilpakan Pieni Lemmenleikki &#8221;Lempi&#8221;<\/h3>\n<h3>n. Hilpakan Pohjoista Viljaa &#8221;Isla&#8221;<\/h3>\n<h3>n. Hilpakan Puuttuva Palanen &#8221;Ulpu&#8221;<\/h3>\n<h1>O-pentue (Cairnterrieri)<\/h1>\n<p>syntynyt 15.8.2018<\/p>\n<p>i. Zalazar Paco Rabanne e. FI MVA EE MVA LV MVA JV-15 Bezaidas One Passion<\/p>\n<h3>u. Hilpakan Ohhoijaa &#8221;Vinski&#8221;<\/h3>\n<h3>u. Hilpakan Oikukas Onni &#8221;Taisto&#8221;<\/h3>\n<h3>u. Hilpakan Omituinen Otus &#8221;Johka&#8221;<\/h3>\n<h3>u. Hilpakan Oukkidoukki &#8221;Henkka&#8221;<\/h3>\n<h3>n. Hilpakan Oikotie Onneen &#8221;Sylvi&#8221;<\/h3>\n<h3>n. Hilpakan Ovela Rakkauspakkaus &#8221;Peppi&#8221;<\/h3>\n<h1>N-pentue (Cairnterrieri)<\/h1>\n<p>syntynyt 30.8.2015<\/p>\n<p>i. Cairnsters Ellwood\u00a0e.\u00a0Hilpakan Liiba Laaba<\/p>\n<h3>u. Hilpakan Napakymppi\u00a0&#8221;Mauri&#8221;<\/h3>\n<h3>n. Hilpakan Nallekarkki\u00a0&#8221;Siru&#8221;<\/h3>\n<h3>n. Hilpakan Namupala\u00a0&#8221;Naku&#8221;<\/h3>\n<h3>n. Hilpakan Nasta Pimu &#8221;Peppi&#8221;<\/h3>\n<h1>M-pentue (Cairnterrieri)<\/h1>\n<p>syntynyt 14.10.2014<\/p>\n<p>i. Cape Hope Checkmate\u00a0e. FI &amp; EE MVA EE JMVA EE VMVA Bezaidas Glamorous Design<\/p>\n<h3>u. Hilpakan M\u00f6k\u00f6m\u00f6k\u00f6\u00a0&#8221;Rico&#8221;<\/h3>\n<h3>u. Hilpakan M\u00f6rk\u00f6\u00a0&#8221;M\u00f6rk\u00f6&#8221;<\/h3>\n<h3>u. Hilpakan M\u00f6rrim\u00f6ykky\u00a0&#8221;Roope&#8221;<\/h3>\n<h3>u. Hilpakan M\u00f6r\u00f6k\u00f6lli\u00a0&#8221;Toope&#8221;<\/h3>\n<h3>n. Hilpakan Mukkelismakkelis\u00a0&#8221;Hippu&#8221;<\/h3>\n<h1>L-pentue (Cairnterrieri)<\/h1>\n<p>syntynyt 5.8.2013<\/p>\n<p>i. Bezaidas Conquistador\u00a0e. FI &amp; EE MVA EE JMVA EE VMVA Bezaidas Glamorous Design<\/p>\n<h3>u. Hilpakan Legenda\u00a0&#8221;Jekku&#8221;<\/h3>\n<h3>n. Hilpakan Liiba Laaba\u00a0&#8221;Muru&#8221;<\/h3>\n<h3>n. Hilpakan Lovena\u00a0&#8221;Hilla&#8221;<\/h3>\n<h1>K-pentue (Cairnterrieri)<\/h1>\n<p>syntynyt 22.8.2012<\/p>\n<p>i. Notus X-Temporal Xante\u00a0e. FI &amp; EE MVA EE JMVA EE VMVA Bezaidas Glamorous Design<\/p>\n<h3>u. Hilpakan Kuperkeikka\u00a0&#8221;Maukka&#8221;<\/h3>\n<h3>n. Hilpakan Kukkuluuruu\u00a0&#8221;Poppis&#8221;<\/h3>\n<h3>n. Hilpakan Kukkurukuu\u00a0&#8221;Helmi&#8221;<\/h3>\n<h1>J-pentue (Cairnterrieri)<\/h1>\n<p>syntynyt\u00a018.11.2009<\/p>\n<p>i. FIN\u00a0MVA Bewille\u00b4s Midnightspecial\u00a0e. FI&amp;EE MVA EE VMVA Pandarellan X-Tra X-Y<\/p>\n<h3>u. FI&amp;EE MVA Hilpakan Jepsis\u00a0&#8221;Jeppu&#8221;<\/h3>\n<h3>n. Hilpakan Jippii\u00a0&#8221;Lili&#8221;<\/h3>\n<h1>I-pentue (Cairnterrieri)<\/h1>\n<p>syntynyt 28.9.2009<\/p>\n<p>i. FI MVA HeVW-12 VV-12\u00a0Ru\u00b4Cairn\u00b4s I\u00b4m Your Boogie Man e.\u00a0Hilpakan Helga<\/p>\n<h3>u. FI AVA Hilpakan Irtiotto\u00a0&#8221;Luca&#8221;<\/h3>\n<h3>n. Hilpakan Iloliemi\u00a0&#8221;Humu&#8221;<\/h3>\n<h1>H-pentue (Cairnterrieri)<\/h1>\n<p>syntynyt 6.6.2007<\/p>\n<p>i. EE MVA\u00a0Notus Nice Nestor e. FI&amp;EE MVA EE VMVA Pandarellan X-Tra X-Y<\/p>\n<h3>n. Hilpakan Helga &#8221;Hemi&#8221;<\/h3>\n<h3>n. Hilpakan Hilda &#8221;Hilda&#8221;<\/h3>\n","protected":false},"excerpt":{"rendered":"<p>W-pentue (Biewerterrieri) syntynyt 16.1.2025 i. FI&amp;EE CH Tarzan Golden Dream Helena e. FI CH FI JUN-CH Hilpakan Sininen Uni u. Hilpakan Waltava Woitto &#8221;Beni&#8221; u. Hilpakan Winti\u00f6 &#8221;Unto&#8221; n. Hilpakan Wautsi Wau &#8221;Windy&#8221; n. Hilpakan Williviini &#8221;Sissi&#8221; V-pentue (Biewerterrieri) syntynyt 25.9.2024 i. Train Of Happiness Kurazch Born To Win e. FI&amp;EE&amp;LT CH Grace Biewer Forever [&hellip;]<\/p>\n","protected":false},"author":1,"featured_media":0,"parent":0,"menu_order":0,"comment_status":"closed","ping_status":"closed","template":"","meta":{"footnotes":""},"class_list":["post-362","page","type-page","status-publish","hentry"],"jetpack_sharing_enabled":true,"_links":{"self":[{"href":"https:\/\/hilpakan.com\/index.php?rest_route=\/wp\/v2\/pages\/362","targetHints":{"allow":["GET"]}}],"collection":[{"href":"https:\/\/hilpakan.com\/index.php?rest_route=\/wp\/v2\/pages"}],"about":[{"href":"https:\/\/hilpakan.com\/index.php?rest_route=\/wp\/v2\/types\/page"}],"author":[{"embeddable":true,"href":"https:\/\/hilpakan.com\/index.php?rest_route=\/wp\/v2\/users\/1"}],"replies":[{"embeddable":true,"href":"https:\/\/hilpakan.com\/index.php?rest_route=%2Fwp%2Fv2%2Fcomments&post=362"}],"version-history":[{"count":18,"href":"https:\/\/hilpakan.com\/index.php?rest_route=\/wp\/v2\/pages\/362\/revisions"}],"predecessor-version":[{"id":1260,"href":"https:\/\/hilpakan.com\/index.php?rest_route=\/wp\/v2\/pages\/362\/revisions\/1260"}],"wp:attachment":[{"href":"https:\/\/hilpakan.com\/index.php?rest_route=%2Fwp%2Fv2%2Fmedia&parent=362"}],"curies":[{"name":"wp","href":"https:\/\/api.w.org\/{rel}","templated":true}]}}